{"id":148062,"date":"2023-05-17T05:50:20","date_gmt":"2023-05-17T09:50:20","guid":{"rendered":"https:\/\/flowium.com\/?page_id=148062"},"modified":"2026-03-16T11:40:09","modified_gmt":"2026-03-16T15:40:09","slug":"schedule-a-call","status":"publish","type":"page","link":"https:\/\/flowium.com\/es\/lp\/schedule-a-call\/","title":{"rendered":"Schedule a Call"},"content":{"rendered":"\t\t<div data-elementor-type=\"wp-page\" data-elementor-id=\"148062\" class=\"elementor elementor-148062\" data-elementor-post-type=\"page\">\n\t\t\t\t\t\t<section class=\"elementor-section elementor-top-section elementor-element elementor-element-3bbe31c elementor-section-boxed elementor-section-height-default elementor-section-height-default\" data-id=\"3bbe31c\" data-element_type=\"section\" data-e-type=\"section\">\n\t\t\t\t\t\t<div class=\"elementor-container elementor-column-gap-default\">\n\t\t\t\t\t<div class=\"elementor-column elementor-col-100 elementor-top-column elementor-element elementor-element-764f036\" data-id=\"764f036\" data-element_type=\"column\" data-e-type=\"column\">\n\t\t\t<div class=\"elementor-widget-wrap elementor-element-populated\">\n\t\t\t\t\t\t<section class=\"elementor-section elementor-inner-section elementor-element elementor-element-3afbe8a elementor-section-full_width scedule-heading-section elementor-hidden-desktop elementor-hidden-tablet elementor-hidden-mobile elementor-section-height-default elementor-section-height-default\" data-id=\"3afbe8a\" data-element_type=\"section\" data-e-type=\"section\" data-settings=\"{&quot;background_background&quot;:&quot;classic&quot;}\">\n\t\t\t\t\t\t<div class=\"elementor-container elementor-column-gap-default\">\n\t\t\t\t\t<div class=\"elementor-column elementor-col-100 elementor-inner-column elementor-element elementor-element-5f2a6ed\" data-id=\"5f2a6ed\" data-element_type=\"column\" data-e-type=\"column\">\n\t\t\t<div class=\"elementor-widget-wrap elementor-element-populated\">\n\t\t\t\t\t\t<div class=\"elementor-element elementor-element-080524d elementor-view-stacked elementor-widget__width-initial elementor-widget-mobile__width-initial applyForCallHeadingBlock active elementor-shape-circle elementor-position-block-start elementor-mobile-position-block-start elementor-widget elementor-widget-icon-box\" data-id=\"080524d\" data-element_type=\"widget\" data-e-type=\"widget\" data-widget_type=\"icon-box.default\">\n\t\t\t\t<div class=\"elementor-widget-container\">\n\t\t\t\t\t\t\t<div class=\"elementor-icon-box-wrapper\">\n\n\t\t\t\t\t\t<div class=\"elementor-icon-box-icon\">\n\t\t\t\t<span  class=\"elementor-icon\">\n\t\t\t\t<svg xmlns=\"http:\/\/www.w3.org\/2000\/svg\" width=\"14\" height=\"13\" viewBox=\"0 0 14 13\" fill=\"none\"><path d=\"M1.36138 5.86124L0 7.3745L4.34483 12.1701L14 1.51326L12.6386 0L4.34483 9.15419L1.36138 5.86124Z\" fill=\"white\"><\/path><\/svg>\t\t\t\t<\/span>\n\t\t\t<\/div>\n\t\t\t\n\t\t\t\t\t\t<div class=\"elementor-icon-box-content\">\n\n\t\t\t\t\t\t\t\t\t<h3 class=\"elementor-icon-box-title\">\n\t\t\t\t\t\t<span  >\n\t\t\t\t\t\t\tSubmit request\t\t\t\t\t\t<\/span>\n\t\t\t\t\t<\/h3>\n\t\t\t\t\n\t\t\t\t\n\t\t\t<\/div>\n\t\t\t\n\t\t<\/div>\n\t\t\t\t\t\t<\/div>\n\t\t\t\t<\/div>\n\t\t\t\t<div class=\"elementor-element elementor-element-41015a3 elementor-view-stacked elementor-widget__width-initial elementor-widget-mobile__width-initial applyForCallHeadingBlock active elementor-shape-circle elementor-position-block-start elementor-mobile-position-block-start elementor-widget elementor-widget-icon-box\" data-id=\"41015a3\" data-element_type=\"widget\" data-e-type=\"widget\" data-widget_type=\"icon-box.default\">\n\t\t\t\t<div class=\"elementor-widget-container\">\n\t\t\t\t\t\t\t<div class=\"elementor-icon-box-wrapper\">\n\n\t\t\t\t\t\t<div class=\"elementor-icon-box-icon\">\n\t\t\t\t<span  class=\"elementor-icon\">\n\t\t\t\t<svg xmlns=\"http:\/\/www.w3.org\/2000\/svg\" width=\"14\" height=\"13\" viewBox=\"0 0 14 13\" fill=\"none\"><path d=\"M1.36138 5.86124L0 7.3745L4.34483 12.1701L14 1.51326L12.6386 0L4.34483 9.15419L1.36138 5.86124Z\" fill=\"white\"><\/path><\/svg>\t\t\t\t<\/span>\n\t\t\t<\/div>\n\t\t\t\n\t\t\t\t\t\t<div class=\"elementor-icon-box-content\">\n\n\t\t\t\t\t\t\t\t\t<h3 class=\"elementor-icon-box-title\">\n\t\t\t\t\t\t<span  >\n\t\t\t\t\t\t\tFill up the form\t\t\t\t\t\t<\/span>\n\t\t\t\t\t<\/h3>\n\t\t\t\t\n\t\t\t\t\n\t\t\t<\/div>\n\t\t\t\n\t\t<\/div>\n\t\t\t\t\t\t<\/div>\n\t\t\t\t<\/div>\n\t\t\t\t<div class=\"elementor-element elementor-element-664c21e elementor-view-stacked elementor-widget__width-initial elementor-widget-mobile__width-initial applyForCallHeadingBlock active elementor-shape-circle elementor-position-block-start elementor-mobile-position-block-start elementor-widget elementor-widget-icon-box\" data-id=\"664c21e\" data-element_type=\"widget\" data-e-type=\"widget\" data-widget_type=\"icon-box.default\">\n\t\t\t\t<div class=\"elementor-widget-container\">\n\t\t\t\t\t\t\t<div class=\"elementor-icon-box-wrapper\">\n\n\t\t\t\t\t\t<div class=\"elementor-icon-box-icon\">\n\t\t\t\t<span  class=\"elementor-icon\">\n\t\t\t\t<svg xmlns=\"http:\/\/www.w3.org\/2000\/svg\" width=\"14\" height=\"13\" viewBox=\"0 0 14 13\" fill=\"none\"><path d=\"M1.36138 5.86124L0 7.3745L4.34483 12.1701L14 1.51326L12.6386 0L4.34483 9.15419L1.36138 5.86124Z\" fill=\"white\"><\/path><\/svg>\t\t\t\t<\/span>\n\t\t\t<\/div>\n\t\t\t\n\t\t\t\t\t\t<div class=\"elementor-icon-box-content\">\n\n\t\t\t\t\t\t\t\t\t<h3 class=\"elementor-icon-box-title\">\n\t\t\t\t\t\t<span  >\n\t\t\t\t\t\t\tSchedule a call\t\t\t\t\t\t<\/span>\n\t\t\t\t\t<\/h3>\n\t\t\t\t\n\t\t\t\t\n\t\t\t<\/div>\n\t\t\t\n\t\t<\/div>\n\t\t\t\t\t\t<\/div>\n\t\t\t\t<\/div>\n\t\t\t\t\t<\/div>\n\t\t<\/div>\n\t\t\t\t\t<\/div>\n\t\t<\/section>\n\t\t\t\t<div class=\"elementor-element elementor-element-551e731 elementor-widget elementor-widget-heading\" data-id=\"551e731\" data-element_type=\"widget\" data-e-type=\"widget\" data-widget_type=\"heading.default\">\n\t\t\t\t<div class=\"elementor-widget-container\">\n\t\t\t\t\t<h2 class=\"elementor-heading-title elementor-size-default\">Elige cu\u00e1ndo reunirnos<\/h2>\t\t\t\t<\/div>\n\t\t\t\t<\/div>\n\t\t\t\t<div class=\"elementor-element elementor-element-c0e3185 mobileBrDisplayNone  elementor-widget elementor-widget-text-editor\" data-id=\"c0e3185\" data-element_type=\"widget\" data-e-type=\"widget\" data-widget_type=\"text-editor.default\">\n\t\t\t\t<div class=\"elementor-widget-container\">\n\t\t\t\t\t\t\t\t\t<p>Selecciona una <strong>fecha y hora<\/strong> para hablar con uno de nuestros especialistas en marketing de retenci\u00f3n.<\/p>\t\t\t\t\t\t\t\t<\/div>\n\t\t\t\t<\/div>\n\t\t\t\t<section class=\"elementor-section elementor-inner-section elementor-element elementor-element-fc64b3d elementor-section-content-middle elementor-section-boxed elementor-section-height-default elementor-section-height-default\" data-id=\"fc64b3d\" data-element_type=\"section\" data-e-type=\"section\">\n\t\t\t\t\t\t<div class=\"elementor-container elementor-column-gap-default\">\n\t\t\t\t\t<div class=\"elementor-column elementor-col-50 elementor-inner-column elementor-element elementor-element-c9f8e10\" data-id=\"c9f8e10\" data-element_type=\"column\" data-e-type=\"column\">\n\t\t\t<div class=\"elementor-widget-wrap elementor-element-populated\">\n\t\t\t\t\t\t<div class=\"elementor-element elementor-element-128e975 gallery-spacing-custom galleryTeamBlock elementor-widget__width-initial elementor-widget-mobile__width-inherit elementor-widget elementor-widget-image-gallery\" data-id=\"128e975\" data-element_type=\"widget\" data-e-type=\"widget\" data-widget_type=\"image-gallery.default\">\n\t\t\t\t<div class=\"elementor-widget-container\">\n\t\t\t\t\t\t\t<div class=\"elementor-image-gallery\">\n\t\t\t<div id='gallery-1' class='gallery galleryid-148062 gallery-columns-1 gallery-size-medium'><figure class='gallery-item'>\n\t\t\t<div class='gallery-icon landscape'>\n\t\t\t\t<img decoding=\"async\" width=\"120\" height=\"120\" src=\"https:\/\/flowium.com\/wp-content\/uploads\/2025\/12\/call-image-1.webp\" class=\"attachment-medium size-medium\" alt=\"flowium team member\" srcset=\"https:\/\/flowium.com\/wp-content\/uploads\/2025\/12\/call-image-1.webp 120w, https:\/\/flowium.com\/wp-content\/uploads\/2025\/12\/call-image-1-75x75.webp 75w\" sizes=\"(max-width: 120px) 100vw, 120px\" \/>\n\t\t\t<\/div><\/figure><figure class='gallery-item'>\n\t\t\t<div class='gallery-icon landscape'>\n\t\t\t\t<img decoding=\"async\" width=\"120\" height=\"120\" src=\"https:\/\/flowium.com\/wp-content\/uploads\/2025\/12\/call-image-4.webp\" class=\"attachment-medium size-medium\" alt=\"flowium team member\" srcset=\"https:\/\/flowium.com\/wp-content\/uploads\/2025\/12\/call-image-4.webp 120w, https:\/\/flowium.com\/wp-content\/uploads\/2025\/12\/call-image-4-75x75.webp 75w\" sizes=\"(max-width: 120px) 100vw, 120px\" \/>\n\t\t\t<\/div><\/figure><figure class='gallery-item'>\n\t\t\t<div class='gallery-icon landscape'>\n\t\t\t\t<img decoding=\"async\" width=\"120\" height=\"120\" src=\"https:\/\/flowium.com\/wp-content\/uploads\/2025\/12\/call-image-3.webp\" class=\"attachment-medium size-medium\" alt=\"flowium team member\" srcset=\"https:\/\/flowium.com\/wp-content\/uploads\/2025\/12\/call-image-3.webp 120w, https:\/\/flowium.com\/wp-content\/uploads\/2025\/12\/call-image-3-75x75.webp 75w\" sizes=\"(max-width: 120px) 100vw, 120px\" \/>\n\t\t\t<\/div><\/figure><figure class='gallery-item'>\n\t\t\t<div class='gallery-icon landscape'>\n\t\t\t\t<img loading=\"lazy\" decoding=\"async\" width=\"96\" height=\"96\" src=\"https:\/\/flowium.com\/wp-content\/uploads\/2025\/12\/call-image-5.webp\" class=\"attachment-medium size-medium\" alt=\"flowium logo\" srcset=\"https:\/\/flowium.com\/wp-content\/uploads\/2025\/12\/call-image-5.webp 96w, https:\/\/flowium.com\/wp-content\/uploads\/2025\/12\/call-image-5-75x75.webp 75w\" sizes=\"(max-width: 96px) 100vw, 96px\" \/>\n\t\t\t<\/div><\/figure>\n\t\t<\/div>\n\t\t<\/div>\n\t\t\t\t\t\t<\/div>\n\t\t\t\t<\/div>\n\t\t\t\t\t<\/div>\n\t\t<\/div>\n\t\t\t\t<div class=\"elementor-column elementor-col-50 elementor-inner-column elementor-element elementor-element-2201bc2\" data-id=\"2201bc2\" data-element_type=\"column\" data-e-type=\"column\" data-settings=\"{&quot;background_background&quot;:&quot;classic&quot;}\">\n\t\t\t<div class=\"elementor-widget-wrap elementor-element-populated\">\n\t\t\t\t\t\t<div class=\"elementor-element elementor-element-364c78a elementor-widget__width-initial elementor-widget elementor-widget-text-editor\" data-id=\"364c78a\" data-element_type=\"widget\" data-e-type=\"widget\" data-widget_type=\"text-editor.default\">\n\t\t\t\t<div class=\"elementor-widget-container\">\n\t\t\t\t\t\t\t\t\t<p>A veces, el formulario puede tardar unos segundos en cargarse. Por favor, <strong>espera un momento<\/strong> y no cierres la p\u00e1gina.<\/p>\t\t\t\t\t\t\t\t<\/div>\n\t\t\t\t<\/div>\n\t\t\t\t\t<\/div>\n\t\t<\/div>\n\t\t\t\t\t<\/div>\n\t\t<\/section>\n\t\t\t\t<div class=\"elementor-element elementor-element-d2342ab elementor-widget__width-initial elementor-widget elementor-widget-html\" data-id=\"d2342ab\" data-element_type=\"widget\" data-e-type=\"widget\" data-widget_type=\"html.default\">\n\t\t\t\t<div class=\"elementor-widget-container\">\n\t\t\t\t\t<!-- Lunacal inline embed code begins -->\n                <div style=\"width:100%;height:100%;overflow:scroll\" id=\"my-lunacal-inline-consulta-gratuita-cande\"><\/div>\n\n                <script type=\"text\/javascript\">\n                  (function(L,U,N){let p=(a,ar)=>a.q.push(ar),d=L.document;L.Lunacal=L.Lunacal||function(){let lun=L.Lunacal,ar=arguments;if(!lun.loaded){lun.ns={};lun.q=lun.q||[];d.head.appendChild(d.createElement(\"script\")).src=U;lun.loaded=!0}if(ar[0]===N){const api=function(){p(api,arguments)};const ns=ar[1];api.q=api.q||[];if(typeof ns===\"string\"){lun.ns[ns]=lun.ns[ns]||api;p(lun.ns[ns],ar);p(lun,[\"initNamespace\",ns])}else p(lun,ar);return}p(lun,ar)};if(!L.Cal)L.Cal=L.Lunacal})(window,\"https:\/\/app.lunacal.ai\/embed\/embed.js\",\"init\");Lunacal(\"init\",\"consulta-gratuita-cande\",{origin:\"https:\/\/app.lunacal.ai\"});\n                  \/\/ Enable auto-forwarding of query parameters\n                  Lunacal.config = Lunacal.config || {};\n                  Lunacal.config.forwardQueryParams = true;\n                  \n        Lunacal.ns[\"consulta-gratuita-cande\"](\"inline\", {\n          elementOrSelector:\"#my-lunacal-inline-consulta-gratuita-cande\",\n          config: {\"layout\":\"\"},\n          calLink: \"team\/flowium\/consulta-gratuita-cande\",\n        });\n        Lunacal.ns[\"consulta-gratuita-cande\"](\"preload\", { calLink: \"team\/flowium\/consulta-gratuita-cande\", type: \"inline\", options: { prerenderIframe: true } });\n        Lunacal.ns[\"consulta-gratuita-cande\"](\"ui\", {\"theme\":\"light\",\"styles\":{\"branding\":{}},\"hideEventTypeDetails\":false,\"layout\":\"\",\"cssVarsPerTheme\":{\"light\":{\"theme-border\":\"#DFDFDF\",\"theme-background-primary\":\"#45abed\",\"theme-background-secondary\":\"#e1ecef\",\"theme-background-card\":\"#FFFFFF\",\"theme-background-base\":\"#F5F8FF\",\"theme-text-primary\":\"#FFFFFF\",\"theme-text-secondary\":\"#000000\",\"theme-text-card\":\"#000000\",\"theme-text-base\":\"#0B0D0E\",\"theme-rounded-base\":\"20px\",\"theme-rounded-calendar\":\" 24px\",\"theme-rounded-timeslot\":\"16px\",\"theme-rounded-day\":\"8px\",\"theme-rounded-button\":\"6px\",\"theme-shadow-calendar\":\"2px 2px 4px 0px #0000001A\",\"theme-shadow-button\":\"2px 2px 4px 0px #0000001A\",\"theme-shadow-timeslot\":\"0px 0px 0px 0px #000000\",\"theme-font-family\":\"Outfit\"},\"dark\":{\"theme-border\":\"#0E1627\",\"theme-background-primary\":\"#45abed\",\"theme-background-secondary\":\"#e1ecef\",\"theme-background-card\":\"#1E293B\",\"theme-background-base\":\"#0F172A\",\"theme-text-primary\":\"#FFFFFF\",\"theme-text-secondary\":\"#E2E8F0\",\"theme-text-card\":\"#E2E8F0\",\"theme-text-base\":\"#D6E8F0\",\"theme-rounded-base\":\"20px\",\"theme-rounded-calendar\":\" 24px\",\"theme-rounded-timeslot\":\"16px\",\"theme-rounded-day\":\"8px\",\"theme-rounded-button\":\"6px\",\"theme-shadow-calendar\":\"2px 2px 4px 0px #0000001A\",\"theme-shadow-button\":\"2px 2px 4px 0px #0000001A\",\"theme-shadow-timeslot\":\"0px 0px 0px 0px #000000\",\"theme-font-family\":\"Outfit\"}},\"displayedContent\":{\"image\":true,\"name\":true,\"designation\":true,\"description\":true,\"eventName\":true,\"highlightBar\":false},\"background\":{\"type\":\"solid\",\"color\":\"#ffffff\"},\"stylePreset\":null});\n      \n                <\/script>\n            <!-- Lunacal inline embed code ends -->\t\t\t\t<\/div>\n\t\t\t\t<\/div>\n\t\t\t\t\t<\/div>\n\t\t<\/div>\n\t\t\t\t\t<\/div>\n\t\t<\/section>\n\t\t\t\t<section class=\"elementor-section elementor-top-section elementor-element elementor-element-6f37ecc elementor-section-boxed elementor-section-height-default elementor-section-height-default\" data-id=\"6f37ecc\" data-element_type=\"section\" data-e-type=\"section\">\n\t\t\t\t\t\t<div class=\"elementor-container elementor-column-gap-default\">\n\t\t\t\t\t<div class=\"elementor-column elementor-col-100 elementor-top-column elementor-element elementor-element-90b6018\" data-id=\"90b6018\" data-element_type=\"column\" data-e-type=\"column\">\n\t\t\t<div class=\"elementor-widget-wrap elementor-element-populated\">\n\t\t\t\t\t\t<div class=\"elementor-element elementor-element-eeca8f8 elementor-widget elementor-widget-html\" data-id=\"eeca8f8\" data-element_type=\"widget\" data-e-type=\"widget\" data-widget_type=\"html.default\">\n\t\t\t\t<div class=\"elementor-widget-container\">\n\t\t\t\t\t<script>\n(() => {\n  const p = new URLSearchParams(location.search);\n\n  \/\/ \u0437 WP URL\n  const email = p.get(\"email\");\n  const fullName = p.get(\"full_name\"); \n  const storeUrl = p.get(\"store_url\");\n  const phone = p.get(\"phone\");\n\n  const patch = (raw) => {\n    const u = new URL(raw, location.origin);\n    if (!u.hostname.endsWith(\"lunacal.ai\")) return raw;\n\n    if (email) u.searchParams.set(\"email\", email);\n    if (fullName) u.searchParams.set(\"name\", fullName); \/\/ Lunacal \u043f\u043e\u043b\u0435 Name\n    if (storeUrl) u.searchParams.set(\"your-store-url-1762882295138-kmi1\", storeUrl); \/\/ Internal Label = store_url\n    if (phone) u.searchParams.set(\"attendee-phone\", phone);  \/\/ Internal Label = attendee_phone\n\n    \/\/ \u044f\u043a\u0449\u043e \u0442\u0440\u0435\u0431\u0430 UTM \u2014 \u043f\u0440\u043e\u0441\u0442\u043e \u0444\u043e\u0440\u0432\u0430\u0440\u0434\n    [\"utm_source\",\"utm_medium\",\"utm_campaign\",\"utm_term\",\"utm_content\",\"utm_name\"].forEach(k => {\n      const v = p.get(k);\n      if (v) u.searchParams.set(k, v);\n    });\n\n    return u.toString();\n  };\n\n  const apply = () => {\n    document.querySelectorAll('iframe[src*=\"lunacal.ai\"]').forEach(f => {\n      const cur = f.getAttribute(\"src\");\n      const next = patch(cur);\n      if (next !== cur) f.setAttribute(\"src\", next);\n    });\n  };\n\n  apply();\n  new MutationObserver(apply).observe(document.documentElement, {childList:true, subtree:true});\n})();\n<\/script>\n\t\t\t\t<\/div>\n\t\t\t\t<\/div>\n\t\t\t\t\t<\/div>\n\t\t<\/div>\n\t\t\t\t\t<\/div>\n\t\t<\/section>\n\t\t\t\t<\/div>\n\t\t","protected":false},"excerpt":{"rendered":"<p>Submit request Fill up the form Schedule a call Elige cu\u00e1ndo reunirnos Selecciona una fecha y hora para hablar con uno de nuestros especialistas en marketing de retenci\u00f3n. A veces, el formulario puede tardar unos segundos en cargarse. Por favor, espera un momento y no cierres la p\u00e1gina.<\/p>\n","protected":false},"author":43,"featured_media":0,"parent":148059,"menu_order":0,"comment_status":"closed","ping_status":"closed","template":"elementor_header_footer","meta":{"_acf_changed":false,"inline_featured_image":false,"footnotes":""},"class_list":["post-148062","page","type-page","status-publish","hentry"],"acf":[],"_links":{"self":[{"href":"https:\/\/flowium.com\/es\/wp-json\/wp\/v2\/pages\/148062","targetHints":{"allow":["GET"]}}],"collection":[{"href":"https:\/\/flowium.com\/es\/wp-json\/wp\/v2\/pages"}],"about":[{"href":"https:\/\/flowium.com\/es\/wp-json\/wp\/v2\/types\/page"}],"author":[{"embeddable":true,"href":"https:\/\/flowium.com\/es\/wp-json\/wp\/v2\/users\/43"}],"replies":[{"embeddable":true,"href":"https:\/\/flowium.com\/es\/wp-json\/wp\/v2\/comments?post=148062"}],"version-history":[{"count":0,"href":"https:\/\/flowium.com\/es\/wp-json\/wp\/v2\/pages\/148062\/revisions"}],"up":[{"embeddable":true,"href":"https:\/\/flowium.com\/es\/wp-json\/wp\/v2\/pages\/148059"}],"wp:attachment":[{"href":"https:\/\/flowium.com\/es\/wp-json\/wp\/v2\/media?parent=148062"}],"curies":[{"name":"wp","href":"https:\/\/api.w.org\/{rel}","templated":true}]}}